{"id":635,"date":"2020-05-29T09:58:05","date_gmt":"2020-05-29T12:58:05","guid":{"rendered":"http:\/\/genesisincubadora.com.ar\/economia\/?page_id=635"},"modified":"2020-05-29T09:58:05","modified_gmt":"2020-05-29T12:58:05","slug":"metodologia","status":"publish","type":"page","link":"https:\/\/genesisincubadora.com.ar\/economia\/metodologia\/","title":{"rendered":"Metodolog\u00eda"},"content":{"rendered":"<p>Se trabaja con fases de incubaci\u00f3n, seg\u00fan el proyecto.<\/p>\n<p>\u2022 Primera fase: Pre \u2013incubaci\u00f3n: periodo que dura ocho meses y en el cual se brinda al emprendedor una orientaci\u00f3n para el desarrollo de su negocio.<br \/>\n\u2022 Segunda fase: Incubaci\u00f3n: etapa de un a\u00f1o y medio aproximadamente; tiempo en que se lleva a cabo el seguimiento , la implementaci\u00f3n, operaci\u00f3n, capacitaci\u00f3n y desarrollo de su empresa.<br \/>\n\u2022 Tercera fase Post \u2013 Incubaci\u00f3n: proceso que va despu\u00e9s de que se ha puesto en marcha el negocio, con el fin de mejorarlo continuamente requiriendo de mayor tiempo.<br \/>\nPara apoyar un proyecto o un negocio a incubar se requiere de una serie de pasos, que pueden variar seg\u00fan el proyecto y el emprendedor, seg\u00fan en qu\u00e9 etapa esta su emprendimiento (idea proyecto, puesta en marcha o funcionamiento).<\/p>\n<p>El hacer funcionar una idea, proyecto o un negocio y que no perezca tiene que pasar los procesos que son los siguientes:<br \/>\nI. Planear una idea de negocio. Es decir tener en claro la idea o el tipo de bienes y productos a comercializar. Con distintas charlas y entrevistas, ( desarrollando distintas t\u00e9cnicas de emprendedorismo) el t\u00e9cnico realiza una evaluaci\u00f3n si es viable y sustentable en el tiempo.<br \/>\nII. B\u00fasqueda de financiamiento o \u00c1ngeles inversores, por medio de la incubadora.<br \/>\nIII. Asesoramiento al armado y dise\u00f1o del Plan de Negocio.<br \/>\nIV. Elaborar un resumen de los objetivos y la proyecci\u00f3n de su futura empresa.<br \/>\nV. Evaluaci\u00f3n del Consejo de la Agencia de Desarrollo Local, de selecci\u00f3n de proyectos o idea de negocio a incubar.<br \/>\nVI. Analizar el proyecto por el Consejo<br \/>\nVII. Si el proyecto es incubado se procede a la firma del convenio de incubaci\u00f3n<\/p>\n<p><img loading=\"lazy\" decoding=\"async\" class=\"alignnone size-full wp-image-636\" src=\"http:\/\/genesisincubadora.com.ar\/economia\/wp-content\/uploads\/2020\/05\/alimentos.jpg\" alt=\"\" width=\"450\" height=\"299\" srcset=\"https:\/\/genesisincubadora.com.ar\/economia\/wp-content\/uploads\/2020\/05\/alimentos.jpg 450w, https:\/\/genesisincubadora.com.ar\/economia\/wp-content\/uploads\/2020\/05\/alimentos-300x199.jpg 300w\" sizes=\"auto, (max-width: 450px) 100vw, 450px\" \/><\/p>\n","protected":false},"excerpt":{"rendered":"<p>Se trabaja con fases de incubaci&oacute;n, seg&uacute;n el proyecto. &bull; Primera fase: Pre &ndash;incubaci&oacute;n: periodo que dura ocho meses y en el cual se brinda al emprendedor una orientaci&oacute;n para el desarrollo de su negocio. &bull; Segunda fase: Incubaci&oacute;n: etapa de un a&ntilde;o y medio aproximadamente; tiempo en que se lleva a cabo el seguimiento [&hellip;]<\/p>\n","protected":false},"author":1,"featured_media":0,"parent":0,"menu_order":0,"comment_status":"closed","ping_status":"closed","template":"","meta":{"footnotes":""},"class_list":["post-635","page","type-page","status-publish","hentry"],"_links":{"self":[{"href":"https:\/\/genesisincubadora.com.ar\/economia\/wp-json\/wp\/v2\/pages\/635","targetHints":{"allow":["GET"]}}],"collection":[{"href":"https:\/\/genesisincubadora.com.ar\/economia\/wp-json\/wp\/v2\/pages"}],"about":[{"href":"https:\/\/genesisincubadora.com.ar\/economia\/wp-json\/wp\/v2\/types\/page"}],"author":[{"embeddable":true,"href":"https:\/\/genesisincubadora.com.ar\/economia\/wp-json\/wp\/v2\/users\/1"}],"replies":[{"embeddable":true,"href":"https:\/\/genesisincubadora.com.ar\/economia\/wp-json\/wp\/v2\/comments?post=635"}],"version-history":[{"count":1,"href":"https:\/\/genesisincubadora.com.ar\/economia\/wp-json\/wp\/v2\/pages\/635\/revisions"}],"predecessor-version":[{"id":637,"href":"https:\/\/genesisincubadora.com.ar\/economia\/wp-json\/wp\/v2\/pages\/635\/revisions\/637"}],"wp:attachment":[{"href":"https:\/\/genesisincubadora.com.ar\/economia\/wp-json\/wp\/v2\/media?parent=635"}],"curies":[{"name":"wp","href":"https:\/\/api.w.org\/{rel}","templated":true}]}}