{"id":641,"date":"2020-05-29T10:08:15","date_gmt":"2020-05-29T13:08:15","guid":{"rendered":"http:\/\/genesisincubadora.com.ar\/economia\/?page_id=641"},"modified":"2020-05-29T10:09:13","modified_gmt":"2020-05-29T13:09:13","slug":"ventajas-y-desventajas","status":"publish","type":"page","link":"https:\/\/genesisincubadora.com.ar\/economia\/ventajas-y-desventajas\/","title":{"rendered":"Ventajas y desventajas"},"content":{"rendered":"<p><strong>Ventajas: del emprendimiento incubado.<\/strong><\/p>\n<p>\u2022 Es due\u00f1o de su propio negocio.<br \/>\n\u2022 Autonom\u00eda de decisiones: el micro emprendedor puede tomar todo tipo de decisiones en forma independiente, respecto a los objetivos, tareas, formas de ejecuci\u00f3n de los misma etc; e inclusive puede rever dichas decisiones, sin condicionamientos que existen cuando desarrolla una actividad como subordinado.<br \/>\n\u2022 Incrementa la posibilidad de desarrollo al recibir asistencia y pr\u00e1ctica y diversos servicios de sporte t\u00e9cnico empresarial durante el periodo de incubaci\u00f3n<br \/>\n\u2022 Recibe asesor\u00eda y el apoyo de profesionales en los distintos temas de negocio comercializaci\u00f3n, marketing y ventas etc.<br \/>\n\u2022 Mayor aceptabilidad y confianza<br \/>\n\u2022 Posibilidad de acceder a nuevos mercados. etc.<\/p>\n<p><strong>Desventajas del emprendimiento al no estar incubado.<\/strong><\/p>\n<p>\u2022 No inspira confianza en los clientes<br \/>\n\u2022 Tiene muy pocas posibilidades de acceder a nuevos mercados.<br \/>\n\u2022 Tendr\u00e1 muchas dificultades para posicionarse en el mercado.<br \/>\n\u2022 Desconocimiento de temas espec\u00edficos del rubro en el cual esta actuando<br \/>\n\u2022 Falta de conocimiento en el mercado potencial.<br \/>\n\u2022 Falta de conocimiento administrativo.<br \/>\n\u2022 Posible fracaso del Proyecto: Debido a causas como: no aceptaci\u00f3n del mismo por el elevado costo del bien o servicio ofrecido respecto a un sustituto cercano, dif\u00edcil colocaci\u00f3n en el mercado.<\/p>\n<p><img loading=\"lazy\" decoding=\"async\" class=\"alignnone size-full wp-image-643\" src=\"http:\/\/genesisincubadora.com.ar\/economia\/wp-content\/uploads\/2020\/05\/feria.jpg\" alt=\"\" width=\"700\" height=\"414\" srcset=\"https:\/\/genesisincubadora.com.ar\/economia\/wp-content\/uploads\/2020\/05\/feria.jpg 700w, https:\/\/genesisincubadora.com.ar\/economia\/wp-content\/uploads\/2020\/05\/feria-300x177.jpg 300w\" sizes=\"auto, (max-width: 700px) 100vw, 700px\" \/><\/p>\n","protected":false},"excerpt":{"rendered":"<p>Ventajas: del emprendimiento incubado. &bull; Es due&ntilde;o de su propio negocio. &bull; Autonom&iacute;a de decisiones: el micro emprendedor puede tomar todo tipo de decisiones en forma independiente, respecto a los objetivos, tareas, formas de ejecuci&oacute;n de los misma etc; e inclusive puede rever dichas decisiones, sin condicionamientos que existen cuando desarrolla una actividad como subordinado. [&hellip;]<\/p>\n","protected":false},"author":1,"featured_media":0,"parent":0,"menu_order":0,"comment_status":"closed","ping_status":"closed","template":"","meta":{"footnotes":""},"class_list":["post-641","page","type-page","status-publish","hentry"],"_links":{"self":[{"href":"https:\/\/genesisincubadora.com.ar\/economia\/wp-json\/wp\/v2\/pages\/641","targetHints":{"allow":["GET"]}}],"collection":[{"href":"https:\/\/genesisincubadora.com.ar\/economia\/wp-json\/wp\/v2\/pages"}],"about":[{"href":"https:\/\/genesisincubadora.com.ar\/economia\/wp-json\/wp\/v2\/types\/page"}],"author":[{"embeddable":true,"href":"https:\/\/genesisincubadora.com.ar\/economia\/wp-json\/wp\/v2\/users\/1"}],"replies":[{"embeddable":true,"href":"https:\/\/genesisincubadora.com.ar\/economia\/wp-json\/wp\/v2\/comments?post=641"}],"version-history":[{"count":2,"href":"https:\/\/genesisincubadora.com.ar\/economia\/wp-json\/wp\/v2\/pages\/641\/revisions"}],"predecessor-version":[{"id":644,"href":"https:\/\/genesisincubadora.com.ar\/economia\/wp-json\/wp\/v2\/pages\/641\/revisions\/644"}],"wp:attachment":[{"href":"https:\/\/genesisincubadora.com.ar\/economia\/wp-json\/wp\/v2\/media?parent=641"}],"curies":[{"name":"wp","href":"https:\/\/api.w.org\/{rel}","templated":true}]}}