{"id":651,"date":"2020-05-29T10:20:13","date_gmt":"2020-05-29T13:20:13","guid":{"rendered":"http:\/\/genesisincubadora.com.ar\/economia\/?page_id=651"},"modified":"2020-06-22T09:07:53","modified_gmt":"2020-06-22T12:07:53","slug":"servicios","status":"publish","type":"page","link":"https:\/\/genesisincubadora.com.ar\/economia\/servicios\/","title":{"rendered":"Servicios"},"content":{"rendered":"<ul>\n<li>Desarrollo de habilidades t\u00e9cnicas y Motivaci\u00f3n para emprendedores.<\/li>\n<li>Ciclo de Capacitaciones (Marketing, Plan de Negocios, Comercio electr\u00f3nico, Ventas, Fotograf\u00eda, etc.)<\/li>\n<li>Asesor\u00edas en el desarrollo del Modelo de Negocio Canvas.<\/li>\n<li>Visitas el lugar del emprendimiento para asesorar en forma personalizada a la puesta en marcha de su negocio.<\/li>\n<li>Gestionar distintos tipo de financiamiento con entidades financieras privada, Organismo Gubernamentales; Municipales, Provinciales, Nacionales, Extranjeras.<\/li>\n<li>Participaci\u00f3n en el circuito de Ferias (Parque Yrigoyen, Explanada del Ferrocarril, Plaza Sarmiento<\/li>\n<li>Inclusi\u00f3n en el RUES<\/li>\n<li>Inclusi\u00f3n en el cat\u00e1logo oficial de G\u00e9nesis para fomentar lazos comerciales v\u00eda internet y mejorar el posicionamiento.<\/li>\n<li>Seguimiento del emprendimiento<\/li>\n<\/ul>\n<div class=\"rl-gallery-container rl-loading\" id=\"rl-gallery-container-1\" data-gallery_id=\"787\"> <div class=\"rl-gallery rl-basicgrid-gallery \" id=\"rl-gallery-1\" data-gallery_no=\"1\"> <div class=\"rl-gallery-item\"><a href=\"https:\/\/genesisincubadora.com.ar\/economia\/wp-content\/uploads\/2020\/06\/7.jpg\" title=\"\" data-rl_title=\"\" class=\"rl-gallery-link\" data-rl_caption=\"\" data-rel=\"lightbox-gallery-1\"><img loading=\"lazy\" decoding=\"async\" src=\"https:\/\/genesisincubadora.com.ar\/economia\/wp-content\/uploads\/2020\/06\/7-300x168.jpg\" width=\"300\" height=\"168\" alt=\"\" \/><\/a><\/div><div class=\"rl-gallery-item\"><a href=\"https:\/\/genesisincubadora.com.ar\/economia\/wp-content\/uploads\/2020\/06\/artesanias.jpg\" title=\"\" data-rl_title=\"\" class=\"rl-gallery-link\" data-rl_caption=\"\" data-rel=\"lightbox-gallery-1\"><img loading=\"lazy\" decoding=\"async\" src=\"https:\/\/genesisincubadora.com.ar\/economia\/wp-content\/uploads\/2020\/06\/artesanias-300x168.jpg\" width=\"300\" height=\"168\" alt=\"\" \/><\/a><\/div><div class=\"rl-gallery-item\"><a href=\"https:\/\/genesisincubadora.com.ar\/economia\/wp-content\/uploads\/2020\/06\/elgaucho5.jpg\" title=\"\" data-rl_title=\"\" class=\"rl-gallery-link\" data-rl_caption=\"\" data-rel=\"lightbox-gallery-1\"><img loading=\"lazy\" decoding=\"async\" src=\"https:\/\/genesisincubadora.com.ar\/economia\/wp-content\/uploads\/2020\/06\/elgaucho5-300x168.jpg\" width=\"300\" height=\"168\" alt=\"\" \/><\/a><\/div><div class=\"rl-gallery-item\"><a href=\"https:\/\/genesisincubadora.com.ar\/economia\/wp-content\/uploads\/2020\/06\/feria6.jpg\" title=\"\" data-rl_title=\"\" class=\"rl-gallery-link\" data-rl_caption=\"\" data-rel=\"lightbox-gallery-1\"><img loading=\"lazy\" decoding=\"async\" src=\"https:\/\/genesisincubadora.com.ar\/economia\/wp-content\/uploads\/2020\/06\/feria6-300x174.jpg\" width=\"300\" height=\"174\" alt=\"\" \/><\/a><\/div> <\/div> <\/div>\n<p><iframe loading=\"lazy\"  id=\"_ytid_92726\"  width=\"640\" height=\"360\"  data-origwidth=\"640\" data-origheight=\"360\" src=\"https:\/\/www.youtube.com\/embed\/2S6vebA6gx8?enablejsapi=1&#038;autoplay=0&#038;cc_load_policy=0&#038;cc_lang_pref=&#038;iv_load_policy=1&#038;loop=0&#038;rel=1&#038;fs=1&#038;playsinline=0&#038;autohide=2&#038;theme=dark&#038;color=red&#038;controls=1&#038;disablekb=0&#038;\" class=\"__youtube_prefs__  epyt-is-override  no-lazyload\" title=\"YouTube player\"  allow=\"fullscreen; accelerometer; autoplay; clipboard-write; encrypted-media; gyroscope; picture-in-picture; web-share\" referrerpolicy=\"strict-origin-when-cross-origin\" allowfullscreen data-no-lazy=\"1\" data-skipgform_ajax_framebjll=\"\"><\/iframe><\/p>\n","protected":false},"excerpt":{"rendered":"<p>Desarrollo de habilidades t&eacute;cnicas y Motivaci&oacute;n para emprendedores. Ciclo de Capacitaciones (Marketing, Plan de Negocios, Comercio electr&oacute;nico, Ventas, Fotograf&iacute;a, etc.) Asesor&iacute;as en el desarrollo del Modelo de Negocio Canvas. Visitas el lugar del emprendimiento para asesorar en forma personalizada a la puesta en marcha de su negocio. Gestionar distintos tipo de financiamiento con entidades financieras [&hellip;]<\/p>\n","protected":false},"author":1,"featured_media":0,"parent":0,"menu_order":0,"comment_status":"closed","ping_status":"closed","template":"","meta":{"footnotes":""},"class_list":["post-651","page","type-page","status-publish","hentry"],"_links":{"self":[{"href":"https:\/\/genesisincubadora.com.ar\/economia\/wp-json\/wp\/v2\/pages\/651","targetHints":{"allow":["GET"]}}],"collection":[{"href":"https:\/\/genesisincubadora.com.ar\/economia\/wp-json\/wp\/v2\/pages"}],"about":[{"href":"https:\/\/genesisincubadora.com.ar\/economia\/wp-json\/wp\/v2\/types\/page"}],"author":[{"embeddable":true,"href":"https:\/\/genesisincubadora.com.ar\/economia\/wp-json\/wp\/v2\/users\/1"}],"replies":[{"embeddable":true,"href":"https:\/\/genesisincubadora.com.ar\/economia\/wp-json\/wp\/v2\/comments?post=651"}],"version-history":[{"count":6,"href":"https:\/\/genesisincubadora.com.ar\/economia\/wp-json\/wp\/v2\/pages\/651\/revisions"}],"predecessor-version":[{"id":1211,"href":"https:\/\/genesisincubadora.com.ar\/economia\/wp-json\/wp\/v2\/pages\/651\/revisions\/1211"}],"wp:attachment":[{"href":"https:\/\/genesisincubadora.com.ar\/economia\/wp-json\/wp\/v2\/media?parent=651"}],"curies":[{"name":"wp","href":"https:\/\/api.w.org\/{rel}","templated":true}]}}