{"id":744,"date":"2020-06-01T12:41:54","date_gmt":"2020-06-01T15:41:54","guid":{"rendered":"http:\/\/genesisincubadora.com.ar\/economia\/?page_id=744"},"modified":"2020-09-03T10:58:59","modified_gmt":"2020-09-03T13:58:59","slug":"sala-de-extraccion-de-miel","status":"publish","type":"page","link":"https:\/\/genesisincubadora.com.ar\/economia\/sala-de-extraccion-de-miel\/","title":{"rendered":"Sala de extracci\u00f3n de Miel"},"content":{"rendered":"<p>La Sala de Extracci\u00f3n de Miel Comunitaria est\u00e1 ubicada en calle Tulio Angriman.<\/p>\n<p>Este proyecto comenz\u00f3 a desarrollarse desde el a\u00f1o 2005 y tiene una capacidad de producci\u00f3n de 140 tambores de miel de 333 Kg por d\u00eda, con 3 l\u00edneas de producci\u00f3n.<\/p>\n<div class=\"rl-gallery-container rl-loading\" id=\"rl-gallery-container-1\" data-gallery_id=\"747\"> <div class=\"rl-gallery rl-basicgrid-gallery \" id=\"rl-gallery-1\" data-gallery_no=\"1\"> <div class=\"rl-gallery-item\"><a href=\"https:\/\/genesisincubadora.com.ar\/economia\/wp-content\/uploads\/2020\/06\/1.jpg\" title=\"\" data-rl_title=\"\" class=\"rl-gallery-link\" data-rl_caption=\"\" data-rel=\"lightbox-gallery-1\"><img loading=\"lazy\" decoding=\"async\" src=\"https:\/\/genesisincubadora.com.ar\/economia\/wp-content\/uploads\/2020\/06\/1-300x203.jpg\" width=\"300\" height=\"203\" alt=\"\" \/><\/a><\/div><div class=\"rl-gallery-item\"><a href=\"https:\/\/genesisincubadora.com.ar\/economia\/wp-content\/uploads\/2020\/06\/2.jpg\" title=\"\" data-rl_title=\"\" class=\"rl-gallery-link\" data-rl_caption=\"\" data-rel=\"lightbox-gallery-1\"><img loading=\"lazy\" decoding=\"async\" src=\"https:\/\/genesisincubadora.com.ar\/economia\/wp-content\/uploads\/2020\/06\/2-300x226.jpg\" width=\"300\" height=\"226\" alt=\"\" \/><\/a><\/div><div class=\"rl-gallery-item\"><a href=\"https:\/\/genesisincubadora.com.ar\/economia\/wp-content\/uploads\/2020\/06\/3.jpg\" title=\"\" data-rl_title=\"\" class=\"rl-gallery-link\" data-rl_caption=\"\" data-rel=\"lightbox-gallery-1\"><img loading=\"lazy\" decoding=\"async\" src=\"https:\/\/genesisincubadora.com.ar\/economia\/wp-content\/uploads\/2020\/06\/3-300x224.jpg\" width=\"300\" height=\"224\" alt=\"\" \/><\/a><\/div><div class=\"rl-gallery-item\"><a href=\"https:\/\/genesisincubadora.com.ar\/economia\/wp-content\/uploads\/2020\/06\/4.jpg\" title=\"\" data-rl_title=\"\" class=\"rl-gallery-link\" data-rl_caption=\"\" data-rel=\"lightbox-gallery-1\"><img loading=\"lazy\" decoding=\"async\" src=\"https:\/\/genesisincubadora.com.ar\/economia\/wp-content\/uploads\/2020\/06\/4-300x267.jpg\" width=\"300\" height=\"267\" alt=\"\" \/><\/a><\/div><div class=\"rl-gallery-item\"><a href=\"https:\/\/genesisincubadora.com.ar\/economia\/wp-content\/uploads\/2020\/06\/frente.jpg\" title=\"\" data-rl_title=\"\" class=\"rl-gallery-link\" data-rl_caption=\"\" data-rel=\"lightbox-gallery-1\"><img loading=\"lazy\" decoding=\"async\" src=\"https:\/\/genesisincubadora.com.ar\/economia\/wp-content\/uploads\/2020\/06\/frente-300x160.jpg\" width=\"300\" height=\"160\" alt=\"\" \/><\/a><\/div><div class=\"rl-gallery-item\"><a href=\"https:\/\/genesisincubadora.com.ar\/economia\/wp-content\/uploads\/2020\/06\/miel1.jpg\" title=\"\" data-rl_title=\"\" class=\"rl-gallery-link\" data-rl_caption=\"\" data-rel=\"lightbox-gallery-1\"><img loading=\"lazy\" decoding=\"async\" src=\"https:\/\/genesisincubadora.com.ar\/economia\/wp-content\/uploads\/2020\/06\/miel1-300x160.jpg\" width=\"300\" height=\"160\" alt=\"\" \/><\/a><\/div><div class=\"rl-gallery-item\"><a href=\"https:\/\/genesisincubadora.com.ar\/economia\/wp-content\/uploads\/2020\/06\/miel2.jpg\" title=\"\" data-rl_title=\"\" class=\"rl-gallery-link\" data-rl_caption=\"\" data-rel=\"lightbox-gallery-1\"><img loading=\"lazy\" decoding=\"async\" src=\"https:\/\/genesisincubadora.com.ar\/economia\/wp-content\/uploads\/2020\/06\/miel2-300x160.jpg\" width=\"300\" height=\"160\" alt=\"\" \/><\/a><\/div><div class=\"rl-gallery-item\"><a href=\"https:\/\/genesisincubadora.com.ar\/economia\/wp-content\/uploads\/2020\/06\/miel3.jpg\" title=\"\" data-rl_title=\"\" class=\"rl-gallery-link\" data-rl_caption=\"\" data-rel=\"lightbox-gallery-1\"><img loading=\"lazy\" decoding=\"async\" src=\"https:\/\/genesisincubadora.com.ar\/economia\/wp-content\/uploads\/2020\/06\/miel3-300x160.jpg\" width=\"300\" height=\"160\" alt=\"\" \/><\/a><\/div><div class=\"rl-gallery-item\"><a href=\"https:\/\/genesisincubadora.com.ar\/economia\/wp-content\/uploads\/2020\/06\/miel4.jpg\" title=\"\" data-rl_title=\"\" class=\"rl-gallery-link\" data-rl_caption=\"\" data-rel=\"lightbox-gallery-1\"><img loading=\"lazy\" decoding=\"async\" src=\"https:\/\/genesisincubadora.com.ar\/economia\/wp-content\/uploads\/2020\/06\/miel4-300x167.jpg\" width=\"300\" height=\"167\" alt=\"\" \/><\/a><\/div><div class=\"rl-gallery-item\"><a href=\"https:\/\/genesisincubadora.com.ar\/economia\/wp-content\/uploads\/2020\/06\/miel6.jpg\" title=\"\" data-rl_title=\"\" class=\"rl-gallery-link\" data-rl_caption=\"\" data-rel=\"lightbox-gallery-1\"><img loading=\"lazy\" decoding=\"async\" src=\"https:\/\/genesisincubadora.com.ar\/economia\/wp-content\/uploads\/2020\/06\/miel6-300x222.jpg\" width=\"300\" height=\"222\" alt=\"\" \/><\/a><\/div><div class=\"rl-gallery-item\"><a href=\"https:\/\/genesisincubadora.com.ar\/economia\/wp-content\/uploads\/2020\/06\/miel7.jpg\" title=\"\" data-rl_title=\"\" class=\"rl-gallery-link\" data-rl_caption=\"\" data-rel=\"lightbox-gallery-1\"><img loading=\"lazy\" decoding=\"async\" src=\"https:\/\/genesisincubadora.com.ar\/economia\/wp-content\/uploads\/2020\/06\/miel7-300x222.jpg\" width=\"300\" height=\"222\" alt=\"\" \/><\/a><\/div><div class=\"rl-gallery-item\"><a href=\"https:\/\/genesisincubadora.com.ar\/economia\/wp-content\/uploads\/2020\/06\/miel8.jpg\" title=\"\" data-rl_title=\"\" class=\"rl-gallery-link\" data-rl_caption=\"\" data-rel=\"lightbox-gallery-1\"><img loading=\"lazy\" decoding=\"async\" src=\"https:\/\/genesisincubadora.com.ar\/economia\/wp-content\/uploads\/2020\/06\/miel8-300x222.jpg\" width=\"300\" height=\"222\" alt=\"\" \/><\/a><\/div> <\/div> <\/div>\n<div class=\"rl-gallery-container rl-loading\" id=\"rl-gallery-container-2\" data-gallery_id=\"1586\"> <div class=\"rl-gallery rl-basicgrid-gallery \" id=\"rl-gallery-2\" data-gallery_no=\"2\"> <div class=\"rl-gallery-item\"><a href=\"https:\/\/genesisincubadora.com.ar\/economia\/wp-content\/uploads\/2020\/06\/sala4.jpg\" title=\"\" data-rl_title=\"\" class=\"rl-gallery-link\" data-rl_caption=\"\" data-rel=\"lightbox-gallery-2\"><img loading=\"lazy\" decoding=\"async\" src=\"https:\/\/genesisincubadora.com.ar\/economia\/wp-content\/uploads\/2020\/06\/sala4-169x300.jpg\" width=\"169\" height=\"300\" alt=\"\" \/><\/a><\/div><div class=\"rl-gallery-item\"><a href=\"https:\/\/genesisincubadora.com.ar\/economia\/wp-content\/uploads\/2020\/06\/sala3.jpg\" title=\"\" data-rl_title=\"\" class=\"rl-gallery-link\" data-rl_caption=\"\" data-rel=\"lightbox-gallery-2\"><img loading=\"lazy\" decoding=\"async\" src=\"https:\/\/genesisincubadora.com.ar\/economia\/wp-content\/uploads\/2020\/06\/sala3-169x300.jpg\" width=\"169\" height=\"300\" alt=\"\" \/><\/a><\/div><div class=\"rl-gallery-item\"><a href=\"https:\/\/genesisincubadora.com.ar\/economia\/wp-content\/uploads\/2020\/06\/sala2.jpg\" title=\"\" data-rl_title=\"\" class=\"rl-gallery-link\" data-rl_caption=\"\" data-rel=\"lightbox-gallery-2\"><img loading=\"lazy\" decoding=\"async\" src=\"https:\/\/genesisincubadora.com.ar\/economia\/wp-content\/uploads\/2020\/06\/sala2-169x300.jpg\" width=\"169\" height=\"300\" alt=\"\" \/><\/a><\/div><div class=\"rl-gallery-item\"><a href=\"https:\/\/genesisincubadora.com.ar\/economia\/wp-content\/uploads\/2020\/06\/sala1.jpg\" title=\"\" data-rl_title=\"\" class=\"rl-gallery-link\" data-rl_caption=\"\" data-rel=\"lightbox-gallery-2\"><img loading=\"lazy\" decoding=\"async\" src=\"https:\/\/genesisincubadora.com.ar\/economia\/wp-content\/uploads\/2020\/06\/sala1-169x300.jpg\" width=\"169\" height=\"300\" alt=\"\" \/><\/a><\/div> <\/div> <\/div>\n","protected":false},"excerpt":{"rendered":"<p>La Sala de Extracci&oacute;n de Miel Comunitaria est&aacute; ubicada en calle Tulio Angriman. Este proyecto comenz&oacute; a desarrollarse desde el a&ntilde;o 2005 y tiene una capacidad de producci&oacute;n de 140 tambores de miel de 333 Kg por d&iacute;a, con 3 l&iacute;neas de producci&oacute;n.<\/p>\n","protected":false},"author":1,"featured_media":0,"parent":0,"menu_order":0,"comment_status":"closed","ping_status":"closed","template":"","meta":{"footnotes":""},"class_list":["post-744","page","type-page","status-publish","hentry"],"_links":{"self":[{"href":"https:\/\/genesisincubadora.com.ar\/economia\/wp-json\/wp\/v2\/pages\/744","targetHints":{"allow":["GET"]}}],"collection":[{"href":"https:\/\/genesisincubadora.com.ar\/economia\/wp-json\/wp\/v2\/pages"}],"about":[{"href":"https:\/\/genesisincubadora.com.ar\/economia\/wp-json\/wp\/v2\/types\/page"}],"author":[{"embeddable":true,"href":"https:\/\/genesisincubadora.com.ar\/economia\/wp-json\/wp\/v2\/users\/1"}],"replies":[{"embeddable":true,"href":"https:\/\/genesisincubadora.com.ar\/economia\/wp-json\/wp\/v2\/comments?post=744"}],"version-history":[{"count":6,"href":"https:\/\/genesisincubadora.com.ar\/economia\/wp-json\/wp\/v2\/pages\/744\/revisions"}],"predecessor-version":[{"id":1587,"href":"https:\/\/genesisincubadora.com.ar\/economia\/wp-json\/wp\/v2\/pages\/744\/revisions\/1587"}],"wp:attachment":[{"href":"https:\/\/genesisincubadora.com.ar\/economia\/wp-json\/wp\/v2\/media?parent=744"}],"curies":[{"name":"wp","href":"https:\/\/api.w.org\/{rel}","templated":true}]}}